{"id":1421,"date":"2022-01-22T09:42:30","date_gmt":"2022-01-22T08:42:30","guid":{"rendered":"https:\/\/heimathaus-tennenbronn.de\/wp\/?page_id=1421"},"modified":"2024-01-28T19:03:20","modified_gmt":"2024-01-28T18:03:20","slug":"impressum","status":"publish","type":"page","link":"https:\/\/heimathaus-tennenbronn.de\/wp\/impressum\/","title":{"rendered":"Impressum Heimathaus Tennenbronn"},"content":{"rendered":"<div class=\"wpb-content-wrapper\"><p>[vc_row][vc_column][vc_column_text]<\/p>\n<h2>Impressum<\/h2>\n<h3>Angaben gem\u00e4\u00df \u00a7 5 TMG:<\/h3>\n<p>Projektgruppe Tennenbronner Heimathaus<br \/>\nHauptstra\u00dfe 1<br \/>\n78144 Schramberg Tennenbronn<\/p>\n<h3>Vertreten durch:<\/h3>\n<p>Alfred Moosmann<\/p>\n<h3>Kontakt:<\/h3>\n<p>Telefon: 07729 1533<br \/>\nE-Mail: info@heimathaus-tennenbronn.de<\/p>\n<h3>Registereintrag:<\/h3>\n<p>Im Vereinsregister ist der Hauptverein, der Museums und Geschichtesverein Schramberg e. V. eingetragen.<br \/>\nRegistergericht: Stuttgart<br \/>\nRegisternummer: VR404<\/p>\n<h3>Streitschlichtung<\/h3>\n<p>Wir sind nicht bereit oder verpflichtet, an Streitbeilegungsverfahren vor einer Verbraucherschlichtungsstelle teilzunehmen.<\/p>\n<h3>Haftungf\u00fcr Inhalte<\/h3>\n<p>Als Diensteanbieter sind wir gem\u00e4\u00df \u00a7 7 Abs.1 TMG f\u00fcreigene Inhalte auf diesen Seiten nach den allgemeinen Gesetzen verantwortlich. Nach \u00a7\u00a7 8 bis10 TMG sind wir als Diensteanbieter jedoch nicht verpflichtet, \u00fcbermittelte oder gespeicherte fremdeInformationen zu \u00fcberwachen oder nach Umst\u00e4nden zu forschen, die auf eine rechtswidrigeT\u00e4tigkeit hinweisen.<\/p>\n<p>Verpflichtungen zur Entfernung oder Sperrung der Nutzung von Informationen nach den allgemeinen Gesetzen bleiben hiervon unber\u00fchrt. Eine diesbez\u00fcgliche Haftung ist jedoch erst ab dem Zeitpunkt der Kenntnis einer konkreten Rechtsverletzung m\u00f6glich. Bei Bekanntwerden von entsprechenden Rechtsverletzungen werden wir diese Inhalte umgehend entfernen.<\/p>\n<h3>Haftung f\u00fcr Links<\/h3>\n<p>Unser Angebot enth\u00e4lt Links zu externen Websites Dritter, auf deren Inhalte wir keinen Einfluss haben. Deshalb k\u00f6nnen wir f\u00fcr diese fremden Inhalte auch keine Gew\u00e4hr \u00fcbernehmen. F\u00fcr die Inhalte der verlinkten Seiten ist stets der jeweilige Anbieter oder Betreiber der Seiten verantwortlich. Die verlinkten Seiten wurden zum Zeitpunkt der Verlinkung auf m\u00f6gliche Rechtsverst\u00f6\u00dfe \u00fcberpr\u00fcft. Rechtswidrige Inhalte waren zum Zeitpunkt der Verlinkung nicht erkennbar.<\/p>\n<p>Eine permanente inhaltliche Kontrolle der verlinkten Seiten ist jedoch ohne konkrete Anhaltspunkte einer Rechtsverletzung nicht zumutbar. Bei Bekanntwerden von Rechtsverletzungen werden wir derartige Links umgehend entfernen.<\/p>\n<h3>Urheberrecht<\/h3>\n<p>Die durch die Seitenbetreiber erstellten Inhalte und Werke auf diesen Seiten unterliegen dem deutschen Urheberrecht. Die Vervielf\u00e4ltigung, Bearbeitung, Verbreitung und jede Art der Verwertung au\u00dferhalb der Grenzen des Urheberrechtes bed\u00fcrfen der schriftlichen Zustimmung des jeweiligen Autors bzw. Erstellers. Downloads und Kopien dieser Seite sind nur f\u00fcr den privaten, nicht kommerziellen Gebrauch gestattet.<\/p>\n<p>Soweit die Inhalte auf dieser Seite nicht vom Betreiber erstellt wurden, werden die Urheberrechte Dritter beachtet. Insbesondere werden Inhalte Dritter als solche gekennzeichnet. Sollten Sie trotzdem auf eine Urheberrechtsverletzung aufmerksam werden, bitten wir um einen entsprechenden Hinweis. Bei Bekanntwerden von Rechtsverletzungen werden wir derartige Inhalte umgehend entfernen.[\/vc_column_text][\/vc_column][\/vc_row][vc_row][vc_column][vc_column_text css=&#8220;.vc_custom_1640621868236{padding-top: 50px !important;}&#8220;][\/vc_column_text][\/vc_column][\/vc_row]<\/p>\n<\/div>","protected":false},"excerpt":{"rendered":"<p>[vc_row][vc_column][vc_column_text] Impressum Angaben gem\u00e4\u00df \u00a7 5 TMG: Projektgruppe Tennenbronner Heimathaus Hauptstra\u00dfe 1 78144 Schramberg Tennenbronn Vertreten durch: Alfred Moosmann Kontakt: Telefon: 07729 1533 E-Mail: info@heimathaus-tennenbronn.de Registereintrag: Im Vereinsregister ist der Hauptverein, der Museums und Geschichtesverein Schramberg e. V. eingetragen. Registergericht: Stuttgart Registernummer: VR404 Streitschlichtung Wir sind nicht bereit oder verpflichtet, an Streitbeilegungsverfahren vor einer Verbraucherschlichtungsstelle&hellip;<\/p>\n","protected":false},"author":1,"featured_media":0,"parent":0,"menu_order":0,"comment_status":"closed","ping_status":"closed","template":"template-microsite.php","meta":{"inline_featured_image":false,"footnotes":""},"class_list":["post-1421","page","type-page","status-publish","hentry","description-off"],"yoast_head":"<!-- This site is optimized with the Yoast SEO plugin v26.0 - https:\/\/yoast.com\/wordpress\/plugins\/seo\/ -->\n<title>Impressum Heimathaus Tennenbronn - Heimathaus Tennenbronn<\/title>\n<meta name=\"description\" content=\"Das Impressum des Heimathauses Tennenbronn beschreibt die Verantworlichkeiten f\u00fcr die Homepage der Projektgruppe Heimathaus Tennenbronn.\" \/>\n<meta name=\"robots\" content=\"index, follow, max-snippet:-1, max-image-preview:large, max-video-preview:-1\" \/>\n<link rel=\"canonical\" href=\"https:\/\/heimathaus-tennenbronn.de\/wp\/impressum\/\" \/>\n<meta property=\"og:locale\" content=\"de_DE\" \/>\n<meta property=\"og:type\" content=\"article\" \/>\n<meta property=\"og:title\" content=\"Impressum Heimathaus Tennenbronn - Heimathaus Tennenbronn\" \/>\n<meta property=\"og:description\" content=\"Das Impressum des Heimathauses Tennenbronn beschreibt die Verantworlichkeiten f\u00fcr die Homepage der Projektgruppe Heimathaus Tennenbronn.\" \/>\n<meta property=\"og:url\" content=\"https:\/\/heimathaus-tennenbronn.de\/wp\/impressum\/\" \/>\n<meta property=\"og:site_name\" content=\"Heimathaus Tennenbronn\" \/>\n<meta property=\"article:modified_time\" content=\"2024-01-28T18:03:20+00:00\" \/>\n<meta name=\"twitter:card\" content=\"summary_large_image\" \/>\n<meta name=\"twitter:label1\" content=\"Gesch\u00e4tzte Lesezeit\" \/>\n\t<meta name=\"twitter:data1\" content=\"2\u00a0Minuten\" \/>\n<script type=\"application\/ld+json\" class=\"yoast-schema-graph\">{\"@context\":\"https:\/\/schema.org\",\"@graph\":[{\"@type\":\"WebPage\",\"@id\":\"https:\/\/heimathaus-tennenbronn.de\/wp\/impressum\/\",\"url\":\"https:\/\/heimathaus-tennenbronn.de\/wp\/impressum\/\",\"name\":\"Impressum Heimathaus Tennenbronn - Heimathaus Tennenbronn\",\"isPartOf\":{\"@id\":\"https:\/\/heimathaus-tennenbronn.de\/wp\/#website\"},\"datePublished\":\"2022-01-22T08:42:30+00:00\",\"dateModified\":\"2024-01-28T18:03:20+00:00\",\"description\":\"Das Impressum des Heimathauses Tennenbronn beschreibt die Verantworlichkeiten f\u00fcr die Homepage der Projektgruppe Heimathaus Tennenbronn.\",\"breadcrumb\":{\"@id\":\"https:\/\/heimathaus-tennenbronn.de\/wp\/impressum\/#breadcrumb\"},\"inLanguage\":\"de\",\"potentialAction\":[{\"@type\":\"ReadAction\",\"target\":[\"https:\/\/heimathaus-tennenbronn.de\/wp\/impressum\/\"]}]},{\"@type\":\"BreadcrumbList\",\"@id\":\"https:\/\/heimathaus-tennenbronn.de\/wp\/impressum\/#breadcrumb\",\"itemListElement\":[{\"@type\":\"ListItem\",\"position\":1,\"name\":\"Startseite\",\"item\":\"https:\/\/heimathaus-tennenbronn.de\/wp\/\"},{\"@type\":\"ListItem\",\"position\":2,\"name\":\"Impressum Heimathaus Tennenbronn\"}]},{\"@type\":\"WebSite\",\"@id\":\"https:\/\/heimathaus-tennenbronn.de\/wp\/#website\",\"url\":\"https:\/\/heimathaus-tennenbronn.de\/wp\/\",\"name\":\"Heimathaus Tennenbronn\",\"description\":\"\",\"potentialAction\":[{\"@type\":\"SearchAction\",\"target\":{\"@type\":\"EntryPoint\",\"urlTemplate\":\"https:\/\/heimathaus-tennenbronn.de\/wp\/?s={search_term_string}\"},\"query-input\":{\"@type\":\"PropertyValueSpecification\",\"valueRequired\":true,\"valueName\":\"search_term_string\"}}],\"inLanguage\":\"de\"}]}<\/script>\n<!-- \/ Yoast SEO plugin. -->","yoast_head_json":{"title":"Impressum Heimathaus Tennenbronn - Heimathaus Tennenbronn","description":"Das Impressum des Heimathauses Tennenbronn beschreibt die Verantworlichkeiten f\u00fcr die Homepage der Projektgruppe Heimathaus Tennenbronn.","robots":{"index":"index","follow":"follow","max-snippet":"max-snippet:-1","max-image-preview":"max-image-preview:large","max-video-preview":"max-video-preview:-1"},"canonical":"https:\/\/heimathaus-tennenbronn.de\/wp\/impressum\/","og_locale":"de_DE","og_type":"article","og_title":"Impressum Heimathaus Tennenbronn - Heimathaus Tennenbronn","og_description":"Das Impressum des Heimathauses Tennenbronn beschreibt die Verantworlichkeiten f\u00fcr die Homepage der Projektgruppe Heimathaus Tennenbronn.","og_url":"https:\/\/heimathaus-tennenbronn.de\/wp\/impressum\/","og_site_name":"Heimathaus Tennenbronn","article_modified_time":"2024-01-28T18:03:20+00:00","twitter_card":"summary_large_image","twitter_misc":{"Gesch\u00e4tzte Lesezeit":"2\u00a0Minuten"},"schema":{"@context":"https:\/\/schema.org","@graph":[{"@type":"WebPage","@id":"https:\/\/heimathaus-tennenbronn.de\/wp\/impressum\/","url":"https:\/\/heimathaus-tennenbronn.de\/wp\/impressum\/","name":"Impressum Heimathaus Tennenbronn - Heimathaus Tennenbronn","isPartOf":{"@id":"https:\/\/heimathaus-tennenbronn.de\/wp\/#website"},"datePublished":"2022-01-22T08:42:30+00:00","dateModified":"2024-01-28T18:03:20+00:00","description":"Das Impressum des Heimathauses Tennenbronn beschreibt die Verantworlichkeiten f\u00fcr die Homepage der Projektgruppe Heimathaus Tennenbronn.","breadcrumb":{"@id":"https:\/\/heimathaus-tennenbronn.de\/wp\/impressum\/#breadcrumb"},"inLanguage":"de","potentialAction":[{"@type":"ReadAction","target":["https:\/\/heimathaus-tennenbronn.de\/wp\/impressum\/"]}]},{"@type":"BreadcrumbList","@id":"https:\/\/heimathaus-tennenbronn.de\/wp\/impressum\/#breadcrumb","itemListElement":[{"@type":"ListItem","position":1,"name":"Startseite","item":"https:\/\/heimathaus-tennenbronn.de\/wp\/"},{"@type":"ListItem","position":2,"name":"Impressum Heimathaus Tennenbronn"}]},{"@type":"WebSite","@id":"https:\/\/heimathaus-tennenbronn.de\/wp\/#website","url":"https:\/\/heimathaus-tennenbronn.de\/wp\/","name":"Heimathaus Tennenbronn","description":"","potentialAction":[{"@type":"SearchAction","target":{"@type":"EntryPoint","urlTemplate":"https:\/\/heimathaus-tennenbronn.de\/wp\/?s={search_term_string}"},"query-input":{"@type":"PropertyValueSpecification","valueRequired":true,"valueName":"search_term_string"}}],"inLanguage":"de"}]}},"_links":{"self":[{"href":"https:\/\/heimathaus-tennenbronn.de\/wp\/wp-json\/wp\/v2\/pages\/1421","targetHints":{"allow":["GET"]}}],"collection":[{"href":"https:\/\/heimathaus-tennenbronn.de\/wp\/wp-json\/wp\/v2\/pages"}],"about":[{"href":"https:\/\/heimathaus-tennenbronn.de\/wp\/wp-json\/wp\/v2\/types\/page"}],"author":[{"embeddable":true,"href":"https:\/\/heimathaus-tennenbronn.de\/wp\/wp-json\/wp\/v2\/users\/1"}],"replies":[{"embeddable":true,"href":"https:\/\/heimathaus-tennenbronn.de\/wp\/wp-json\/wp\/v2\/comments?post=1421"}],"version-history":[{"count":5,"href":"https:\/\/heimathaus-tennenbronn.de\/wp\/wp-json\/wp\/v2\/pages\/1421\/revisions"}],"predecessor-version":[{"id":3850,"href":"https:\/\/heimathaus-tennenbronn.de\/wp\/wp-json\/wp\/v2\/pages\/1421\/revisions\/3850"}],"wp:attachment":[{"href":"https:\/\/heimathaus-tennenbronn.de\/wp\/wp-json\/wp\/v2\/media?parent=1421"}],"curies":[{"name":"wp","href":"https:\/\/api.w.org\/{rel}","templated":true}]}}